{"id":209,"date":"2021-04-18T10:20:25","date_gmt":"2021-04-18T10:20:25","guid":{"rendered":"https:\/\/demos.themeansar.com\/agencyup\/litethree\/?page_id=209"},"modified":"2026-01-14T22:09:27","modified_gmt":"2026-01-14T19:09:27","slug":"contact","status":"publish","type":"page","link":"https:\/\/www.simisanka.com\/tr\/contact\/","title":{"rendered":"\u0130leti\u015fim"},"content":{"rendered":"<div data-elementor-type=\"wp-page\" data-elementor-id=\"209\" class=\"elementor elementor-209\">\n\t\t\t\t\t\t<section class=\"elementor-section elementor-top-section elementor-element elementor-element-7530db42 elementor-section-boxed elementor-section-height-default elementor-section-height-default\" data-id=\"7530db42\" data-element_type=\"section\" data-settings=\"{&quot;background_background&quot;:&quot;classic&quot;}\">\n\t\t\t\t\t\t\t<div class=\"elementor-background-overlay\"><\/div>\n\t\t\t\t\t\t\t<div class=\"elementor-container elementor-column-gap-default\">\n\t\t\t\t\t<div class=\"elementor-column elementor-col-100 elementor-top-column elementor-element elementor-element-3e561573\" data-id=\"3e561573\" data-element_type=\"column\">\n\t\t\t<div class=\"elementor-widget-wrap elementor-element-populated\">\n\t\t\t\t\t\t<div class=\"elementor-element elementor-element-45eab872 elementor-widget elementor-widget-heading\" data-id=\"45eab872\" data-element_type=\"widget\" data-widget_type=\"heading.default\">\n\t\t\t\t<div class=\"elementor-widget-container\">\n\t\t\t\t\t<div class=\"elementor-heading-title elementor-size-default\">\u0130leti\u015fim<\/div>\t\t\t\t<\/div>\n\t\t\t\t<\/div>\n\t\t\t\t<div class=\"elementor-element elementor-element-2865e39a elementor-align-start elementor-tablet-align-start elementor-mobile-align-start elementor-icon-list--layout-traditional elementor-list-item-link-full_width elementor-widget elementor-widget-icon-list\" data-id=\"2865e39a\" data-element_type=\"widget\" data-widget_type=\"icon-list.default\">\n\t\t\t\t<div class=\"elementor-widget-container\">\n\t\t\t\t\t\t\t<ul class=\"elementor-icon-list-items\">\n\t\t\t\t\t\t\t<li class=\"elementor-icon-list-item\">\n\t\t\t\t\t\t\t\t\t\t\t<a href=\"\/tr\/\">\n\n\t\t\t\t\t\t\t\t\t\t\t\t<span class=\"elementor-icon-list-icon\">\n\t\t\t\t\t\t\t<i aria-hidden=\"true\" class=\"fas fa-chevron-left\"><\/i>\t\t\t\t\t\t<\/span>\n\t\t\t\t\t\t\t\t\t\t<span class=\"elementor-icon-list-text\">Anasayfa<\/span>\n\t\t\t\t\t\t\t\t\t\t\t<\/a>\n\t\t\t\t\t\t\t\t\t<\/li>\n\t\t\t\t\t\t<\/ul>\n\t\t\t\t\t\t<\/div>\n\t\t\t\t<\/div>\n\t\t\t\t\t<\/div>\n\t\t<\/div>\n\t\t\t\t\t<\/div>\n\t\t<\/section>\n\t\t\t\t<section class=\"elementor-section elementor-top-section elementor-element elementor-element-1f322ab0 elementor-section-boxed elementor-section-height-default elementor-section-height-default\" data-id=\"1f322ab0\" data-element_type=\"section\">\n\t\t\t\t\t\t<div class=\"elementor-container elementor-column-gap-default\">\n\t\t\t\t\t<div class=\"elementor-column elementor-col-33 elementor-top-column elementor-element elementor-element-4d1c67ff\" data-id=\"4d1c67ff\" data-element_type=\"column\" data-settings=\"{&quot;background_background&quot;:&quot;classic&quot;}\">\n\t\t\t<div class=\"elementor-widget-wrap elementor-element-populated\">\n\t\t\t\t\t\t<div class=\"elementor-element elementor-element-17dbed1c elementor-view-default elementor-position-block-start elementor-mobile-position-block-start elementor-widget elementor-widget-icon-box\" data-id=\"17dbed1c\" data-element_type=\"widget\" data-widget_type=\"icon-box.default\">\n\t\t\t\t<div class=\"elementor-widget-container\">\n\t\t\t\t\t\t\t<div class=\"elementor-icon-box-wrapper\">\n\n\t\t\t\t\t\t<div class=\"elementor-icon-box-icon\">\n\t\t\t\t<span  class=\"elementor-icon\">\n\t\t\t\t<i aria-hidden=\"true\" class=\"fas fa-phone-square-alt\"><\/i>\t\t\t\t<\/span>\n\t\t\t<\/div>\n\t\t\t\n\t\t\t\t\t\t<div class=\"elementor-icon-box-content\">\n\n\t\t\t\t\t\t\t\t\t<div class=\"elementor-icon-box-title\">\n\t\t\t\t\t\t<span  >\n\t\t\t\t\t\t\tBizi Aray\u0131n\t\t\t\t\t\t<\/span>\n\t\t\t\t\t<\/div>\n\t\t\t\t\n\t\t\t\t\t\t\t\t\t<p class=\"elementor-icon-box-description\">\n\t\t\t\t\t\t+90 (530) 635 8240\t\t\t\t\t<\/p>\n\t\t\t\t\n\t\t\t<\/div>\n\t\t\t\n\t\t<\/div>\n\t\t\t\t\t\t<\/div>\n\t\t\t\t<\/div>\n\t\t\t\t\t<\/div>\n\t\t<\/div>\n\t\t\t\t<div class=\"elementor-column elementor-col-33 elementor-top-column elementor-element elementor-element-219a68dd\" data-id=\"219a68dd\" data-element_type=\"column\" data-settings=\"{&quot;background_background&quot;:&quot;classic&quot;}\">\n\t\t\t<div class=\"elementor-widget-wrap elementor-element-populated\">\n\t\t\t\t\t\t<div class=\"elementor-element elementor-element-387e2185 elementor-view-default elementor-position-block-start elementor-mobile-position-block-start elementor-widget elementor-widget-icon-box\" data-id=\"387e2185\" data-element_type=\"widget\" data-widget_type=\"icon-box.default\">\n\t\t\t\t<div class=\"elementor-widget-container\">\n\t\t\t\t\t\t\t<div class=\"elementor-icon-box-wrapper\">\n\n\t\t\t\t\t\t<div class=\"elementor-icon-box-icon\">\n\t\t\t\t<span  class=\"elementor-icon\">\n\t\t\t\t<i aria-hidden=\"true\" class=\"fas fa-map\"><\/i>\t\t\t\t<\/span>\n\t\t\t<\/div>\n\t\t\t\n\t\t\t\t\t\t<div class=\"elementor-icon-box-content\">\n\n\t\t\t\t\t\t\t\t\t<div class=\"elementor-icon-box-title\">\n\t\t\t\t\t\t<span  >\n\t\t\t\t\t\t\tAdres\t\t\t\t\t\t<\/span>\n\t\t\t\t\t<\/div>\n\t\t\t\t\n\t\t\t\t\t\t\t\t\t<p class=\"elementor-icon-box-description\">\n\t\t\t\t\t\tMehmet Akif Ersoy Mah. 350 Sk. Profis B Blok No: 3 \u0130\u00e7 Kap\u0131 No: 25 06200 Yenimahalle\/ANKARA\t\t\t\t\t<\/p>\n\t\t\t\t\n\t\t\t<\/div>\n\t\t\t\n\t\t<\/div>\n\t\t\t\t\t\t<\/div>\n\t\t\t\t<\/div>\n\t\t\t\t\t<\/div>\n\t\t<\/div>\n\t\t\t\t<div class=\"elementor-column elementor-col-33 elementor-top-column elementor-element elementor-element-566f460\" data-id=\"566f460\" data-element_type=\"column\" data-settings=\"{&quot;background_background&quot;:&quot;classic&quot;}\">\n\t\t\t<div class=\"elementor-widget-wrap elementor-element-populated\">\n\t\t\t\t\t\t<div class=\"elementor-element elementor-element-4398a8c6 elementor-view-default elementor-position-block-start elementor-mobile-position-block-start elementor-widget elementor-widget-icon-box\" data-id=\"4398a8c6\" data-element_type=\"widget\" data-widget_type=\"icon-box.default\">\n\t\t\t\t<div class=\"elementor-widget-container\">\n\t\t\t\t\t\t\t<div class=\"elementor-icon-box-wrapper\">\n\n\t\t\t\t\t\t<div class=\"elementor-icon-box-icon\">\n\t\t\t\t<a href=\"mailto:info@simisanka.com\" class=\"elementor-icon\" tabindex=\"-1\" aria-label=\"E-Posta\">\n\t\t\t\t<i aria-hidden=\"true\" class=\"fas fa-envelope\"><\/i>\t\t\t\t<\/a>\n\t\t\t<\/div>\n\t\t\t\n\t\t\t\t\t\t<div class=\"elementor-icon-box-content\">\n\n\t\t\t\t\t\t\t\t\t<div class=\"elementor-icon-box-title\">\n\t\t\t\t\t\t<a href=\"mailto:info@simisanka.com\" >\n\t\t\t\t\t\t\tE-Posta\t\t\t\t\t\t<\/a>\n\t\t\t\t\t<\/div>\n\t\t\t\t\n\t\t\t\t\t\t\t\t\t<p class=\"elementor-icon-box-description\">\n\t\t\t\t\t\tinfo@simisanka.com\t\t\t\t\t<\/p>\n\t\t\t\t\n\t\t\t<\/div>\n\t\t\t\n\t\t<\/div>\n\t\t\t\t\t\t<\/div>\n\t\t\t\t<\/div>\n\t\t\t\t\t<\/div>\n\t\t<\/div>\n\t\t\t\t\t<\/div>\n\t\t<\/section>\n\t\t\t\t<section class=\"elementor-section elementor-top-section elementor-element elementor-element-d20d079 elementor-section-boxed elementor-section-height-default elementor-section-height-default\" data-id=\"d20d079\" data-element_type=\"section\">\n\t\t\t\t\t\t<div class=\"elementor-container elementor-column-gap-default\">\n\t\t\t\t\t<div class=\"elementor-column elementor-col-100 elementor-top-column elementor-element elementor-element-0cb403b\" data-id=\"0cb403b\" data-element_type=\"column\">\n\t\t\t<div class=\"elementor-widget-wrap elementor-element-populated\">\n\t\t\t\t\t\t<div class=\"elementor-element elementor-element-dbfee48 elementor-widget elementor-widget-google_maps\" data-id=\"dbfee48\" data-element_type=\"widget\" data-widget_type=\"google_maps.default\">\n\t\t\t\t<div class=\"elementor-widget-container\">\n\t\t\t\t\t\t\t<div class=\"elementor-custom-embed\">\n\t\t\t<iframe loading=\"lazy\"\n\t\t\t\t\tsrc=\"https:\/\/maps.google.com\/maps?q=Simisanka%20Defense&#038;t=m&#038;z=11&#038;output=embed&#038;iwloc=near\"\n\t\t\t\t\ttitle=\"Simisanka Defense\"\n\t\t\t\t\taria-label=\"Simisanka Defense\"\n\t\t\t><\/iframe>\n\t\t<\/div>\n\t\t\t\t\t\t<\/div>\n\t\t\t\t<\/div>\n\t\t\t\t\t<\/div>\n\t\t<\/div>\n\t\t\t\t\t<\/div>\n\t\t<\/section>\n\t\t\t\t<\/div>","protected":false},"excerpt":{"rendered":"<p>Contact Us Home Call Us +90 (530) 635 8240 Address Mehmet Akif Ersoy Mah. 350 Sk. Profis B Blok No: 3 \u0130\u00e7 Kap\u0131 No: 25 06200 Yenimahalle\/ANKARA Mail Us info@simisanka.com<\/p>","protected":false},"author":1,"featured_media":0,"parent":0,"menu_order":0,"comment_status":"closed","ping_status":"closed","template":"elementor_header_footer","meta":{"footnotes":""},"class_list":["post-209","page","type-page","status-publish","hentry"],"yoast_head":"<!-- This site is optimized with the Yoast SEO plugin v26.7 - https:\/\/yoast.com\/wordpress\/plugins\/seo\/ -->\n<title>Contact - Simisanka Defense<\/title>\n<meta name=\"description\" content=\"Contact Simisanka LLC \u2022 \ud83d\udccc Yayla Mah. Yah\u015fihan Sk. No:16\/15 Ke\u00e7i\u00f6ren \/ ANKARA \u2022 \u2709\ufe0f info@simisanka.com \u2022 \u260e\ufe0f +90 (530) 635 8240\" \/>\n<meta name=\"robots\" content=\"index, follow, max-snippet:-1, max-image-preview:large, max-video-preview:-1\" \/>\n<link rel=\"canonical\" href=\"https:\/\/www.simisanka.com\/tr\/contact\/\" \/>\n<meta property=\"og:locale\" content=\"tr_TR\" \/>\n<meta property=\"og:type\" content=\"article\" \/>\n<meta property=\"og:title\" content=\"Contact - Simisanka Defense\" \/>\n<meta property=\"og:description\" content=\"Contact Simisanka LLC \u2022 \ud83d\udccc Yayla Mah. Yah\u015fihan Sk. No:16\/15 Ke\u00e7i\u00f6ren \/ ANKARA \u2022 \u2709\ufe0f info@simisanka.com \u2022 \u260e\ufe0f +90 (530) 635 8240\" \/>\n<meta property=\"og:url\" content=\"https:\/\/www.simisanka.com\/tr\/contact\/\" \/>\n<meta property=\"og:site_name\" content=\"Simisanka Defense\" \/>\n<meta property=\"article:publisher\" content=\"https:\/\/facebook.com\/simisanka\" \/>\n<meta property=\"article:modified_time\" content=\"2026-01-14T19:09:27+00:00\" \/>\n<meta name=\"twitter:card\" content=\"summary_large_image\" \/>\n<meta name=\"twitter:site\" content=\"@simisanka\" \/>\n<meta name=\"twitter:label1\" content=\"Tahmini okuma s\u00fcresi\" \/>\n\t<meta name=\"twitter:data1\" content=\"1 dakika\" \/>\n<script type=\"application\/ld+json\" class=\"yoast-schema-graph\">{\"@context\":\"https:\/\/schema.org\",\"@graph\":[{\"@type\":\"WebPage\",\"@id\":\"https:\/\/www.simisanka.com\/contact\/\",\"url\":\"https:\/\/www.simisanka.com\/contact\/\",\"name\":\"Contact - Simisanka Defense\",\"isPartOf\":{\"@id\":\"https:\/\/www.simisanka.com\/#website\"},\"datePublished\":\"2021-04-18T10:20:25+00:00\",\"dateModified\":\"2026-01-14T19:09:27+00:00\",\"description\":\"Contact Simisanka LLC \u2022 \ud83d\udccc Yayla Mah. Yah\u015fihan Sk. No:16\/15 Ke\u00e7i\u00f6ren \/ ANKARA \u2022 \u2709\ufe0f info@simisanka.com \u2022 \u260e\ufe0f +90 (530) 635 8240\",\"breadcrumb\":{\"@id\":\"https:\/\/www.simisanka.com\/contact\/#breadcrumb\"},\"inLanguage\":\"tr\",\"potentialAction\":[{\"@type\":\"ReadAction\",\"target\":[\"https:\/\/www.simisanka.com\/contact\/\"]}]},{\"@type\":\"BreadcrumbList\",\"@id\":\"https:\/\/www.simisanka.com\/contact\/#breadcrumb\",\"itemListElement\":[{\"@type\":\"ListItem\",\"position\":1,\"name\":\"Home\",\"item\":\"https:\/\/www.simisanka.com\/\"},{\"@type\":\"ListItem\",\"position\":2,\"name\":\"Contact\"}]},{\"@type\":\"WebSite\",\"@id\":\"https:\/\/www.simisanka.com\/#website\",\"url\":\"https:\/\/www.simisanka.com\/\",\"name\":\"Simisanka Defense\",\"description\":\"Built on Trust, Delivered with Quality\",\"publisher\":{\"@id\":\"https:\/\/www.simisanka.com\/#organization\"},\"potentialAction\":[{\"@type\":\"SearchAction\",\"target\":{\"@type\":\"EntryPoint\",\"urlTemplate\":\"https:\/\/www.simisanka.com\/?s={search_term_string}\"},\"query-input\":{\"@type\":\"PropertyValueSpecification\",\"valueRequired\":true,\"valueName\":\"search_term_string\"}}],\"inLanguage\":\"tr\"},{\"@type\":\"Organization\",\"@id\":\"https:\/\/www.simisanka.com\/#organization\",\"name\":\"Simisanka Defense\",\"alternateName\":\"Simisanka\",\"url\":\"https:\/\/www.simisanka.com\/\",\"logo\":{\"@type\":\"ImageObject\",\"inLanguage\":\"tr\",\"@id\":\"https:\/\/www.simisanka.com\/#\/schema\/logo\/image\/\",\"url\":\"https:\/\/www.simisanka.com\/wp-content\/uploads\/2023\/08\/simisanka-text-red.png\",\"contentUrl\":\"https:\/\/www.simisanka.com\/wp-content\/uploads\/2023\/08\/simisanka-text-red.png\",\"width\":11971,\"height\":1815,\"caption\":\"Simisanka Defense\"},\"image\":{\"@id\":\"https:\/\/www.simisanka.com\/#\/schema\/logo\/image\/\"},\"sameAs\":[\"https:\/\/facebook.com\/simisanka\",\"https:\/\/x.com\/simisanka\",\"https:\/\/instagram.com\/simisanka\"]}]}<\/script>\n<!-- \/ Yoast SEO plugin. -->","yoast_head_json":{"title":"Contact - Simisanka Defense","description":"Contact Simisanka LLC \u2022 \ud83d\udccc Yayla Mah. Yah\u015fihan Sk. No:16\/15 Ke\u00e7i\u00f6ren \/ ANKARA \u2022 \u2709\ufe0f info@simisanka.com \u2022 \u260e\ufe0f +90 (530) 635 8240","robots":{"index":"index","follow":"follow","max-snippet":"max-snippet:-1","max-image-preview":"max-image-preview:large","max-video-preview":"max-video-preview:-1"},"canonical":"https:\/\/www.simisanka.com\/tr\/contact\/","og_locale":"tr_TR","og_type":"article","og_title":"Contact - Simisanka Defense","og_description":"Contact Simisanka LLC \u2022 \ud83d\udccc Yayla Mah. Yah\u015fihan Sk. No:16\/15 Ke\u00e7i\u00f6ren \/ ANKARA \u2022 \u2709\ufe0f info@simisanka.com \u2022 \u260e\ufe0f +90 (530) 635 8240","og_url":"https:\/\/www.simisanka.com\/tr\/contact\/","og_site_name":"Simisanka Defense","article_publisher":"https:\/\/facebook.com\/simisanka","article_modified_time":"2026-01-14T19:09:27+00:00","twitter_card":"summary_large_image","twitter_site":"@simisanka","twitter_misc":{"Tahmini okuma s\u00fcresi":"1 dakika"},"schema":{"@context":"https:\/\/schema.org","@graph":[{"@type":"WebPage","@id":"https:\/\/www.simisanka.com\/contact\/","url":"https:\/\/www.simisanka.com\/contact\/","name":"Contact - Simisanka Defense","isPartOf":{"@id":"https:\/\/www.simisanka.com\/#website"},"datePublished":"2021-04-18T10:20:25+00:00","dateModified":"2026-01-14T19:09:27+00:00","description":"Contact Simisanka LLC \u2022 \ud83d\udccc Yayla Mah. Yah\u015fihan Sk. No:16\/15 Ke\u00e7i\u00f6ren \/ ANKARA \u2022 \u2709\ufe0f info@simisanka.com \u2022 \u260e\ufe0f +90 (530) 635 8240","breadcrumb":{"@id":"https:\/\/www.simisanka.com\/contact\/#breadcrumb"},"inLanguage":"tr","potentialAction":[{"@type":"ReadAction","target":["https:\/\/www.simisanka.com\/contact\/"]}]},{"@type":"BreadcrumbList","@id":"https:\/\/www.simisanka.com\/contact\/#breadcrumb","itemListElement":[{"@type":"ListItem","position":1,"name":"Home","item":"https:\/\/www.simisanka.com\/"},{"@type":"ListItem","position":2,"name":"Contact"}]},{"@type":"WebSite","@id":"https:\/\/www.simisanka.com\/#website","url":"https:\/\/www.simisanka.com\/","name":"Simisanka Defense","description":"Built on Trust, Delivered with Quality","publisher":{"@id":"https:\/\/www.simisanka.com\/#organization"},"potentialAction":[{"@type":"SearchAction","target":{"@type":"EntryPoint","urlTemplate":"https:\/\/www.simisanka.com\/?s={search_term_string}"},"query-input":{"@type":"PropertyValueSpecification","valueRequired":true,"valueName":"search_term_string"}}],"inLanguage":"tr"},{"@type":"Organization","@id":"https:\/\/www.simisanka.com\/#organization","name":"Simisanka Defense","alternateName":"Simisanka","url":"https:\/\/www.simisanka.com\/","logo":{"@type":"ImageObject","inLanguage":"tr","@id":"https:\/\/www.simisanka.com\/#\/schema\/logo\/image\/","url":"https:\/\/www.simisanka.com\/wp-content\/uploads\/2023\/08\/simisanka-text-red.png","contentUrl":"https:\/\/www.simisanka.com\/wp-content\/uploads\/2023\/08\/simisanka-text-red.png","width":11971,"height":1815,"caption":"Simisanka Defense"},"image":{"@id":"https:\/\/www.simisanka.com\/#\/schema\/logo\/image\/"},"sameAs":["https:\/\/facebook.com\/simisanka","https:\/\/x.com\/simisanka","https:\/\/instagram.com\/simisanka"]}]}},"_links":{"self":[{"href":"https:\/\/www.simisanka.com\/tr\/wp-json\/wp\/v2\/pages\/209","targetHints":{"allow":["GET"]}}],"collection":[{"href":"https:\/\/www.simisanka.com\/tr\/wp-json\/wp\/v2\/pages"}],"about":[{"href":"https:\/\/www.simisanka.com\/tr\/wp-json\/wp\/v2\/types\/page"}],"author":[{"embeddable":true,"href":"https:\/\/www.simisanka.com\/tr\/wp-json\/wp\/v2\/users\/1"}],"replies":[{"embeddable":true,"href":"https:\/\/www.simisanka.com\/tr\/wp-json\/wp\/v2\/comments?post=209"}],"version-history":[{"count":19,"href":"https:\/\/www.simisanka.com\/tr\/wp-json\/wp\/v2\/pages\/209\/revisions"}],"predecessor-version":[{"id":655,"href":"https:\/\/www.simisanka.com\/tr\/wp-json\/wp\/v2\/pages\/209\/revisions\/655"}],"wp:attachment":[{"href":"https:\/\/www.simisanka.com\/tr\/wp-json\/wp\/v2\/media?parent=209"}],"curies":[{"name":"wp","href":"https:\/\/api.w.org\/{rel}","templated":true}]}}