{"id":207,"date":"2021-04-18T10:20:03","date_gmt":"2021-04-18T10:20:03","guid":{"rendered":"https:\/\/demos.themeansar.com\/agencyup\/litethree\/?page_id=207"},"modified":"2023-10-06T21:12:19","modified_gmt":"2023-10-06T18:12:19","slug":"services","status":"publish","type":"page","link":"https:\/\/www.simisanka.com\/tr\/services\/","title":{"rendered":"Hizmetler"},"content":{"rendered":"<div data-elementor-type=\"wp-page\" data-elementor-id=\"207\" class=\"elementor elementor-207\">\n\t\t\t\t\t\t<section class=\"elementor-section elementor-top-section elementor-element elementor-element-a7ed960 elementor-section-boxed elementor-section-height-default elementor-section-height-default\" data-id=\"a7ed960\" data-element_type=\"section\" data-settings=\"{&quot;background_background&quot;:&quot;classic&quot;}\">\n\t\t\t\t\t\t\t<div class=\"elementor-background-overlay\"><\/div>\n\t\t\t\t\t\t\t<div class=\"elementor-container elementor-column-gap-default\">\n\t\t\t\t\t<div class=\"elementor-column elementor-col-100 elementor-top-column elementor-element elementor-element-3d8e1bb\" data-id=\"3d8e1bb\" data-element_type=\"column\">\n\t\t\t<div class=\"elementor-widget-wrap elementor-element-populated\">\n\t\t\t\t\t\t<div class=\"elementor-element elementor-element-c29d1ab elementor-widget elementor-widget-heading\" data-id=\"c29d1ab\" data-element_type=\"widget\" data-widget_type=\"heading.default\">\n\t\t\t\t<div class=\"elementor-widget-container\">\n\t\t\t\t\t<div class=\"elementor-heading-title elementor-size-default\">Hizmetler<\/div>\t\t\t\t<\/div>\n\t\t\t\t<\/div>\n\t\t\t\t<div class=\"elementor-element elementor-element-2c6803a elementor-align-start elementor-tablet-align-start elementor-mobile-align-start elementor-icon-list--layout-traditional elementor-list-item-link-full_width elementor-widget elementor-widget-icon-list\" data-id=\"2c6803a\" data-element_type=\"widget\" data-widget_type=\"icon-list.default\">\n\t\t\t\t<div class=\"elementor-widget-container\">\n\t\t\t\t\t\t\t<ul class=\"elementor-icon-list-items\">\n\t\t\t\t\t\t\t<li class=\"elementor-icon-list-item\">\n\t\t\t\t\t\t\t\t\t\t\t<a href=\"\/tr\/\">\n\n\t\t\t\t\t\t\t\t\t\t\t\t<span class=\"elementor-icon-list-icon\">\n\t\t\t\t\t\t\t<i aria-hidden=\"true\" class=\"fas fa-chevron-left\"><\/i>\t\t\t\t\t\t<\/span>\n\t\t\t\t\t\t\t\t\t\t<span class=\"elementor-icon-list-text\">Anasayfa<\/span>\n\t\t\t\t\t\t\t\t\t\t\t<\/a>\n\t\t\t\t\t\t\t\t\t<\/li>\n\t\t\t\t\t\t<\/ul>\n\t\t\t\t\t\t<\/div>\n\t\t\t\t<\/div>\n\t\t\t\t\t<\/div>\n\t\t<\/div>\n\t\t\t\t\t<\/div>\n\t\t<\/section>\n\t\t\t\t<section class=\"elementor-section elementor-top-section elementor-element elementor-element-471c8a0 elementor-section-boxed elementor-section-height-default elementor-section-height-default\" data-id=\"471c8a0\" data-element_type=\"section\" data-settings=\"{&quot;background_background&quot;:&quot;classic&quot;}\">\n\t\t\t\t\t\t<div class=\"elementor-container elementor-column-gap-default\">\n\t\t\t\t\t<div class=\"elementor-column elementor-col-100 elementor-top-column elementor-element elementor-element-b5224f7\" data-id=\"b5224f7\" data-element_type=\"column\">\n\t\t\t<div class=\"elementor-widget-wrap elementor-element-populated\">\n\t\t\t\t\t\t<section class=\"elementor-section elementor-inner-section elementor-element elementor-element-6dc6e01 elementor-section-boxed elementor-section-height-default elementor-section-height-default\" data-id=\"6dc6e01\" data-element_type=\"section\" data-settings=\"{&quot;background_background&quot;:&quot;classic&quot;}\">\n\t\t\t\t\t\t<div class=\"elementor-container elementor-column-gap-default\">\n\t\t\t\t\t<div class=\"elementor-column elementor-col-100 elementor-inner-column elementor-element elementor-element-fcd8333\" data-id=\"fcd8333\" data-element_type=\"column\">\n\t\t\t<div class=\"elementor-widget-wrap elementor-element-populated\">\n\t\t\t\t\t\t<div class=\"elementor-element elementor-element-dd929cc elementor-widget elementor-widget-heading\" data-id=\"dd929cc\" data-element_type=\"widget\" data-widget_type=\"heading.default\">\n\t\t\t\t<div class=\"elementor-widget-container\">\n\t\t\t\t\t<h2 class=\"elementor-heading-title elementor-size-default\">Hizmetlerimiz\n\n<\/h2>\t\t\t\t<\/div>\n\t\t\t\t<\/div>\n\t\t\t\t\t<\/div>\n\t\t<\/div>\n\t\t\t\t\t<\/div>\n\t\t<\/section>\n\t\t\t\t<section class=\"elementor-section elementor-inner-section elementor-element elementor-element-95672a4 elementor-section-boxed elementor-section-height-default elementor-section-height-default\" data-id=\"95672a4\" data-element_type=\"section\">\n\t\t\t\t\t\t<div class=\"elementor-container elementor-column-gap-default\">\n\t\t\t\t\t<div class=\"elementor-column elementor-col-100 elementor-inner-column elementor-element elementor-element-93f2023\" data-id=\"93f2023\" data-element_type=\"column\" data-settings=\"{&quot;background_background&quot;:&quot;classic&quot;}\">\n\t\t\t<div class=\"elementor-widget-wrap elementor-element-populated\">\n\t\t\t\t\t\t<div class=\"elementor-element elementor-element-39b7339 elementor-view-stacked elementor-position-inline-start elementor-shape-square elementor-mobile-position-block-start elementor-widget elementor-widget-icon-box\" data-id=\"39b7339\" data-element_type=\"widget\" data-widget_type=\"icon-box.default\">\n\t\t\t\t<div class=\"elementor-widget-container\">\n\t\t\t\t\t\t\t<div class=\"elementor-icon-box-wrapper\">\n\n\t\t\t\t\t\t<div class=\"elementor-icon-box-icon\">\n\t\t\t\t<span  class=\"elementor-icon\">\n\t\t\t\t<i aria-hidden=\"true\" class=\"fas fa-store\"><\/i>\t\t\t\t<\/span>\n\t\t\t<\/div>\n\t\t\t\n\t\t\t\t\t\t<div class=\"elementor-icon-box-content\">\n\n\t\t\t\t\n\t\t\t\t\t\t\t\t\t<p class=\"elementor-icon-box-description\">\n\t\t\t\t\t\tSimisanka, deneyimli m\u00fchendis kadrosu ile sipari\u015flerinizi \u00f6zenle ve y\u00fcksek kalitede haz\u0131rlamaktad\u0131r. Metal, ala\u015f\u0131m, kau\u00e7uk, plastik, kuma\u015f, polyester vb. maddeler ile \u00fcretilmi\u015f ba\u011flay\u0131c\u0131 par\u00e7alar, yedek par\u00e7alar, elektronik cihazlar ve devre elemanlar\u0131, ekipmanlar ve daha fazlas\u0131n\u0131 tedarik etmekteyiz.\t\t\t\t\t<\/p>\n\t\t\t\t\n\t\t\t<\/div>\n\t\t\t\n\t\t<\/div>\n\t\t\t\t\t\t<\/div>\n\t\t\t\t<\/div>\n\t\t\t\t\t<\/div>\n\t\t<\/div>\n\t\t\t\t\t<\/div>\n\t\t<\/section>\n\t\t\t\t<section class=\"elementor-section elementor-inner-section elementor-element elementor-element-d5bcbb9 elementor-section-boxed elementor-section-height-default elementor-section-height-default\" data-id=\"d5bcbb9\" data-element_type=\"section\">\n\t\t\t\t\t\t<div class=\"elementor-container elementor-column-gap-default\">\n\t\t\t\t\t<div class=\"elementor-column elementor-col-100 elementor-inner-column elementor-element elementor-element-7c53b91\" data-id=\"7c53b91\" data-element_type=\"column\" data-settings=\"{&quot;background_background&quot;:&quot;classic&quot;}\">\n\t\t\t<div class=\"elementor-widget-wrap elementor-element-populated\">\n\t\t\t\t\t\t<div class=\"elementor-element elementor-element-6f1e22c elementor-view-stacked elementor-position-inline-start elementor-shape-square elementor-mobile-position-block-start elementor-widget elementor-widget-icon-box\" data-id=\"6f1e22c\" data-element_type=\"widget\" data-widget_type=\"icon-box.default\">\n\t\t\t\t<div class=\"elementor-widget-container\">\n\t\t\t\t\t\t\t<div class=\"elementor-icon-box-wrapper\">\n\n\t\t\t\t\t\t<div class=\"elementor-icon-box-icon\">\n\t\t\t\t<span  class=\"elementor-icon\">\n\t\t\t\t<i aria-hidden=\"true\" class=\"fas fa-handshake\"><\/i>\t\t\t\t<\/span>\n\t\t\t<\/div>\n\t\t\t\n\t\t\t\t\t\t<div class=\"elementor-icon-box-content\">\n\n\t\t\t\t\n\t\t\t\t\t\t\t\t\t<p class=\"elementor-icon-box-description\">\n\t\t\t\t\t\t\u0130\u015fbirli\u011fi yapt\u0131\u011f\u0131m\u0131z sanayi firmalar\u0131 ile taleplerinizi kar\u015f\u0131lamak i\u00e7in \u00fcr\u00fcnlerin t\u00fcm \u00f6zelliklerini \u00f6zenle incelemekte ve sizlere istedi\u011finiz kaliteyi sunmaktay\u0131z. M\u00fc\u015fteri memnuniyetini her zaman en \u00f6nemli \u00f6nceli\u011fimiz olarak kabul ediyor, m\u00fc\u015fteri lehine esneklik sa\u011fl\u0131yoruz.\t\t\t\t\t<\/p>\n\t\t\t\t\n\t\t\t<\/div>\n\t\t\t\n\t\t<\/div>\n\t\t\t\t\t\t<\/div>\n\t\t\t\t<\/div>\n\t\t\t\t\t<\/div>\n\t\t<\/div>\n\t\t\t\t\t<\/div>\n\t\t<\/section>\n\t\t\t\t<section class=\"elementor-section elementor-inner-section elementor-element elementor-element-0d14180 elementor-section-boxed elementor-section-height-default elementor-section-height-default\" data-id=\"0d14180\" data-element_type=\"section\">\n\t\t\t\t\t\t<div class=\"elementor-container elementor-column-gap-default\">\n\t\t\t\t\t<div class=\"elementor-column elementor-col-100 elementor-inner-column elementor-element elementor-element-a5c914c\" data-id=\"a5c914c\" data-element_type=\"column\" data-settings=\"{&quot;background_background&quot;:&quot;classic&quot;}\">\n\t\t\t<div class=\"elementor-widget-wrap elementor-element-populated\">\n\t\t\t\t\t\t<div class=\"elementor-element elementor-element-a601cce elementor-view-stacked elementor-position-inline-start elementor-shape-square elementor-mobile-position-block-start elementor-widget elementor-widget-icon-box\" data-id=\"a601cce\" data-element_type=\"widget\" data-widget_type=\"icon-box.default\">\n\t\t\t\t<div class=\"elementor-widget-container\">\n\t\t\t\t\t\t\t<div class=\"elementor-icon-box-wrapper\">\n\n\t\t\t\t\t\t<div class=\"elementor-icon-box-icon\">\n\t\t\t\t<span  class=\"elementor-icon\">\n\t\t\t\t<i aria-hidden=\"true\" class=\"fas fa-box-open\"><\/i>\t\t\t\t<\/span>\n\t\t\t<\/div>\n\t\t\t\n\t\t\t\t\t\t<div class=\"elementor-icon-box-content\">\n\n\t\t\t\t\n\t\t\t\t\t\t\t\t\t<p class=\"elementor-icon-box-description\">\n\t\t\t\t\t\tTalep etti\u011finiz \u00fcr\u00fcnleri istedi\u011finiz \u00fcretim, paketleme ve teslimat \u015fartlar\u0131na uygun bir \u015fekilde haz\u0131rl\u0131yor ve belirtilen s\u00fcre i\u00e7inde size ula\u015ft\u0131r\u0131yoruz. Tedarik zincirimiz sayesinde toptan al\u0131m avantajlar\u0131 ile uygun fiyatlar sunmaktay\u0131z.\t\t\t\t\t<\/p>\n\t\t\t\t\n\t\t\t<\/div>\n\t\t\t\n\t\t<\/div>\n\t\t\t\t\t\t<\/div>\n\t\t\t\t<\/div>\n\t\t\t\t\t<\/div>\n\t\t<\/div>\n\t\t\t\t\t<\/div>\n\t\t<\/section>\n\t\t\t\t<section class=\"elementor-section elementor-inner-section elementor-element elementor-element-cc40dea elementor-section-boxed elementor-section-height-default elementor-section-height-default\" data-id=\"cc40dea\" data-element_type=\"section\">\n\t\t\t\t\t\t<div class=\"elementor-container elementor-column-gap-default\">\n\t\t\t\t\t<div class=\"elementor-column elementor-col-100 elementor-inner-column elementor-element elementor-element-19c1fab\" data-id=\"19c1fab\" data-element_type=\"column\" data-settings=\"{&quot;background_background&quot;:&quot;classic&quot;}\">\n\t\t\t<div class=\"elementor-widget-wrap elementor-element-populated\">\n\t\t\t\t\t\t<div class=\"elementor-element elementor-element-c10f46b elementor-view-stacked elementor-position-inline-start elementor-shape-square elementor-mobile-position-block-start elementor-widget elementor-widget-icon-box\" data-id=\"c10f46b\" data-element_type=\"widget\" data-widget_type=\"icon-box.default\">\n\t\t\t\t<div class=\"elementor-widget-container\">\n\t\t\t\t\t\t\t<div class=\"elementor-icon-box-wrapper\">\n\n\t\t\t\t\t\t<div class=\"elementor-icon-box-icon\">\n\t\t\t\t<span  class=\"elementor-icon\">\n\t\t\t\t<i aria-hidden=\"true\" class=\"fas fa-headset\"><\/i>\t\t\t\t<\/span>\n\t\t\t<\/div>\n\t\t\t\n\t\t\t\t\t\t<div class=\"elementor-icon-box-content\">\n\n\t\t\t\t\n\t\t\t\t\t\t\t\t\t<p class=\"elementor-icon-box-description\">\n\t\t\t\t\t\tDestek ekibimiz, \u00fcr\u00fcn se\u00e7iminden sorun gidermeye kadar her ad\u0131mda m\u00fc\u015fterilere rehberlik etmektedir. Firmam\u0131z, size en iyi hizmeti sunmak i\u00e7in burada ve her zaman yan\u0131n\u0131zdad\u0131r.\t\t\t\t\t<\/p>\n\t\t\t\t\n\t\t\t<\/div>\n\t\t\t\n\t\t<\/div>\n\t\t\t\t\t\t<\/div>\n\t\t\t\t<\/div>\n\t\t\t\t\t<\/div>\n\t\t<\/div>\n\t\t\t\t\t<\/div>\n\t\t<\/section>\n\t\t\t\t\t<\/div>\n\t\t<\/div>\n\t\t\t\t\t<\/div>\n\t\t<\/section>\n\t\t\t\t<\/div>","protected":false},"excerpt":{"rendered":"<p>Services Home Our Services Simisanka, with its team of experienced engineers, meticulously prepares your orders with great care and ensures high-quality results. We specialize in supplying connector parts, spare components, electronic devices, circuit elements, equipment, and a wide range of other products made from materials such as metal, alloys, rubber, plastics, fabric, polyester, and more. [&hellip;]<\/p>","protected":false},"author":1,"featured_media":0,"parent":0,"menu_order":0,"comment_status":"closed","ping_status":"closed","template":"elementor_header_footer","meta":{"footnotes":""},"class_list":["post-207","page","type-page","status-publish","hentry"],"yoast_head":"<!-- This site is optimized with the Yoast SEO plugin v26.7 - https:\/\/yoast.com\/wordpress\/plugins\/seo\/ -->\n<title>Services - Simisanka Defense<\/title>\n<meta name=\"description\" content=\"Simisanka is a company that focuses on Fast Shipping, Quality Products, Customer Satisfaction, Transparent Contracts, Innovative Methods.\" \/>\n<meta name=\"robots\" content=\"index, follow, max-snippet:-1, max-image-preview:large, max-video-preview:-1\" \/>\n<link rel=\"canonical\" href=\"https:\/\/www.simisanka.com\/tr\/services\/\" \/>\n<meta property=\"og:locale\" content=\"tr_TR\" \/>\n<meta property=\"og:type\" content=\"article\" \/>\n<meta property=\"og:title\" content=\"Services - Simisanka Defense\" \/>\n<meta property=\"og:description\" content=\"Simisanka is a company that focuses on Fast Shipping, Quality Products, Customer Satisfaction, Transparent Contracts, Innovative Methods.\" \/>\n<meta property=\"og:url\" content=\"https:\/\/www.simisanka.com\/tr\/services\/\" \/>\n<meta property=\"og:site_name\" content=\"Simisanka Defense\" \/>\n<meta property=\"article:publisher\" content=\"https:\/\/facebook.com\/simisanka\" \/>\n<meta property=\"article:modified_time\" content=\"2023-10-06T18:12:19+00:00\" \/>\n<meta name=\"twitter:card\" content=\"summary_large_image\" \/>\n<meta name=\"twitter:site\" content=\"@simisanka\" \/>\n<meta name=\"twitter:label1\" content=\"Tahmini okuma s\u00fcresi\" \/>\n\t<meta name=\"twitter:data1\" content=\"1 dakika\" \/>\n<script type=\"application\/ld+json\" class=\"yoast-schema-graph\">{\"@context\":\"https:\/\/schema.org\",\"@graph\":[{\"@type\":\"WebPage\",\"@id\":\"https:\/\/www.simisanka.com\/services\/\",\"url\":\"https:\/\/www.simisanka.com\/services\/\",\"name\":\"Services - Simisanka Defense\",\"isPartOf\":{\"@id\":\"https:\/\/www.simisanka.com\/#website\"},\"datePublished\":\"2021-04-18T10:20:03+00:00\",\"dateModified\":\"2023-10-06T18:12:19+00:00\",\"description\":\"Simisanka is a company that focuses on Fast Shipping, Quality Products, Customer Satisfaction, Transparent Contracts, Innovative Methods.\",\"breadcrumb\":{\"@id\":\"https:\/\/www.simisanka.com\/services\/#breadcrumb\"},\"inLanguage\":\"tr\",\"potentialAction\":[{\"@type\":\"ReadAction\",\"target\":[\"https:\/\/www.simisanka.com\/services\/\"]}]},{\"@type\":\"BreadcrumbList\",\"@id\":\"https:\/\/www.simisanka.com\/services\/#breadcrumb\",\"itemListElement\":[{\"@type\":\"ListItem\",\"position\":1,\"name\":\"Home\",\"item\":\"https:\/\/www.simisanka.com\/\"},{\"@type\":\"ListItem\",\"position\":2,\"name\":\"Services\"}]},{\"@type\":\"WebSite\",\"@id\":\"https:\/\/www.simisanka.com\/#website\",\"url\":\"https:\/\/www.simisanka.com\/\",\"name\":\"Simisanka Defense\",\"description\":\"Built on Trust, Delivered with Quality\",\"publisher\":{\"@id\":\"https:\/\/www.simisanka.com\/#organization\"},\"potentialAction\":[{\"@type\":\"SearchAction\",\"target\":{\"@type\":\"EntryPoint\",\"urlTemplate\":\"https:\/\/www.simisanka.com\/?s={search_term_string}\"},\"query-input\":{\"@type\":\"PropertyValueSpecification\",\"valueRequired\":true,\"valueName\":\"search_term_string\"}}],\"inLanguage\":\"tr\"},{\"@type\":\"Organization\",\"@id\":\"https:\/\/www.simisanka.com\/#organization\",\"name\":\"Simisanka Defense\",\"alternateName\":\"Simisanka\",\"url\":\"https:\/\/www.simisanka.com\/\",\"logo\":{\"@type\":\"ImageObject\",\"inLanguage\":\"tr\",\"@id\":\"https:\/\/www.simisanka.com\/#\/schema\/logo\/image\/\",\"url\":\"https:\/\/www.simisanka.com\/wp-content\/uploads\/2023\/08\/simisanka-text-red.png\",\"contentUrl\":\"https:\/\/www.simisanka.com\/wp-content\/uploads\/2023\/08\/simisanka-text-red.png\",\"width\":11971,\"height\":1815,\"caption\":\"Simisanka Defense\"},\"image\":{\"@id\":\"https:\/\/www.simisanka.com\/#\/schema\/logo\/image\/\"},\"sameAs\":[\"https:\/\/facebook.com\/simisanka\",\"https:\/\/x.com\/simisanka\",\"https:\/\/instagram.com\/simisanka\"]}]}<\/script>\n<!-- \/ Yoast SEO plugin. -->","yoast_head_json":{"title":"Services - Simisanka Defense","description":"Simisanka is a company that focuses on Fast Shipping, Quality Products, Customer Satisfaction, Transparent Contracts, Innovative Methods.","robots":{"index":"index","follow":"follow","max-snippet":"max-snippet:-1","max-image-preview":"max-image-preview:large","max-video-preview":"max-video-preview:-1"},"canonical":"https:\/\/www.simisanka.com\/tr\/services\/","og_locale":"tr_TR","og_type":"article","og_title":"Services - Simisanka Defense","og_description":"Simisanka is a company that focuses on Fast Shipping, Quality Products, Customer Satisfaction, Transparent Contracts, Innovative Methods.","og_url":"https:\/\/www.simisanka.com\/tr\/services\/","og_site_name":"Simisanka Defense","article_publisher":"https:\/\/facebook.com\/simisanka","article_modified_time":"2023-10-06T18:12:19+00:00","twitter_card":"summary_large_image","twitter_site":"@simisanka","twitter_misc":{"Tahmini okuma s\u00fcresi":"1 dakika"},"schema":{"@context":"https:\/\/schema.org","@graph":[{"@type":"WebPage","@id":"https:\/\/www.simisanka.com\/services\/","url":"https:\/\/www.simisanka.com\/services\/","name":"Services - Simisanka Defense","isPartOf":{"@id":"https:\/\/www.simisanka.com\/#website"},"datePublished":"2021-04-18T10:20:03+00:00","dateModified":"2023-10-06T18:12:19+00:00","description":"Simisanka is a company that focuses on Fast Shipping, Quality Products, Customer Satisfaction, Transparent Contracts, Innovative Methods.","breadcrumb":{"@id":"https:\/\/www.simisanka.com\/services\/#breadcrumb"},"inLanguage":"tr","potentialAction":[{"@type":"ReadAction","target":["https:\/\/www.simisanka.com\/services\/"]}]},{"@type":"BreadcrumbList","@id":"https:\/\/www.simisanka.com\/services\/#breadcrumb","itemListElement":[{"@type":"ListItem","position":1,"name":"Home","item":"https:\/\/www.simisanka.com\/"},{"@type":"ListItem","position":2,"name":"Services"}]},{"@type":"WebSite","@id":"https:\/\/www.simisanka.com\/#website","url":"https:\/\/www.simisanka.com\/","name":"Simisanka Defense","description":"Built on Trust, Delivered with Quality","publisher":{"@id":"https:\/\/www.simisanka.com\/#organization"},"potentialAction":[{"@type":"SearchAction","target":{"@type":"EntryPoint","urlTemplate":"https:\/\/www.simisanka.com\/?s={search_term_string}"},"query-input":{"@type":"PropertyValueSpecification","valueRequired":true,"valueName":"search_term_string"}}],"inLanguage":"tr"},{"@type":"Organization","@id":"https:\/\/www.simisanka.com\/#organization","name":"Simisanka Defense","alternateName":"Simisanka","url":"https:\/\/www.simisanka.com\/","logo":{"@type":"ImageObject","inLanguage":"tr","@id":"https:\/\/www.simisanka.com\/#\/schema\/logo\/image\/","url":"https:\/\/www.simisanka.com\/wp-content\/uploads\/2023\/08\/simisanka-text-red.png","contentUrl":"https:\/\/www.simisanka.com\/wp-content\/uploads\/2023\/08\/simisanka-text-red.png","width":11971,"height":1815,"caption":"Simisanka Defense"},"image":{"@id":"https:\/\/www.simisanka.com\/#\/schema\/logo\/image\/"},"sameAs":["https:\/\/facebook.com\/simisanka","https:\/\/x.com\/simisanka","https:\/\/instagram.com\/simisanka"]}]}},"_links":{"self":[{"href":"https:\/\/www.simisanka.com\/tr\/wp-json\/wp\/v2\/pages\/207","targetHints":{"allow":["GET"]}}],"collection":[{"href":"https:\/\/www.simisanka.com\/tr\/wp-json\/wp\/v2\/pages"}],"about":[{"href":"https:\/\/www.simisanka.com\/tr\/wp-json\/wp\/v2\/types\/page"}],"author":[{"embeddable":true,"href":"https:\/\/www.simisanka.com\/tr\/wp-json\/wp\/v2\/users\/1"}],"replies":[{"embeddable":true,"href":"https:\/\/www.simisanka.com\/tr\/wp-json\/wp\/v2\/comments?post=207"}],"version-history":[{"count":22,"href":"https:\/\/www.simisanka.com\/tr\/wp-json\/wp\/v2\/pages\/207\/revisions"}],"predecessor-version":[{"id":623,"href":"https:\/\/www.simisanka.com\/tr\/wp-json\/wp\/v2\/pages\/207\/revisions\/623"}],"wp:attachment":[{"href":"https:\/\/www.simisanka.com\/tr\/wp-json\/wp\/v2\/media?parent=207"}],"curies":[{"name":"wp","href":"https:\/\/api.w.org\/{rel}","templated":true}]}}