{"id":203,"date":"2021-04-18T10:18:09","date_gmt":"2021-04-18T10:18:09","guid":{"rendered":"https:\/\/demos.themeansar.com\/agencyup\/litethree\/?page_id=203"},"modified":"2023-08-12T17:03:05","modified_gmt":"2023-08-12T14:03:05","slug":"about","status":"publish","type":"page","link":"https:\/\/www.simisanka.com\/tr\/about\/","title":{"rendered":"Hakk\u0131m\u0131zda"},"content":{"rendered":"<div data-elementor-type=\"wp-page\" data-elementor-id=\"203\" class=\"elementor elementor-203\">\n\t\t\t\t\t\t<section class=\"elementor-section elementor-top-section elementor-element elementor-element-3840b50f elementor-section-boxed elementor-section-height-default elementor-section-height-default\" data-id=\"3840b50f\" data-element_type=\"section\" data-settings=\"{&quot;background_background&quot;:&quot;classic&quot;}\">\n\t\t\t\t\t\t\t<div class=\"elementor-background-overlay\"><\/div>\n\t\t\t\t\t\t\t<div class=\"elementor-container elementor-column-gap-default\">\n\t\t\t\t\t<div class=\"elementor-column elementor-col-100 elementor-top-column elementor-element elementor-element-63015e18\" data-id=\"63015e18\" data-element_type=\"column\">\n\t\t\t<div class=\"elementor-widget-wrap elementor-element-populated\">\n\t\t\t\t\t\t<div class=\"elementor-element elementor-element-5407b57a elementor-widget elementor-widget-heading\" data-id=\"5407b57a\" data-element_type=\"widget\" data-widget_type=\"heading.default\">\n\t\t\t\t<div class=\"elementor-widget-container\">\n\t\t\t\t\t<div class=\"elementor-heading-title elementor-size-default\">Hakk\u0131m\u0131zda<\/div>\t\t\t\t<\/div>\n\t\t\t\t<\/div>\n\t\t\t\t<div class=\"elementor-element elementor-element-74b5ca71 elementor-align-start elementor-tablet-align-start elementor-mobile-align-start elementor-icon-list--layout-traditional elementor-list-item-link-full_width elementor-widget elementor-widget-icon-list\" data-id=\"74b5ca71\" data-element_type=\"widget\" data-widget_type=\"icon-list.default\">\n\t\t\t\t<div class=\"elementor-widget-container\">\n\t\t\t\t\t\t\t<ul class=\"elementor-icon-list-items\">\n\t\t\t\t\t\t\t<li class=\"elementor-icon-list-item\">\n\t\t\t\t\t\t\t\t\t\t\t<a href=\"https:\/\/www.simisanka.com\/tr\/\">\n\n\t\t\t\t\t\t\t\t\t\t\t\t<span class=\"elementor-icon-list-icon\">\n\t\t\t\t\t\t\t<i aria-hidden=\"true\" class=\"fas fa-chevron-left\"><\/i>\t\t\t\t\t\t<\/span>\n\t\t\t\t\t\t\t\t\t\t<span class=\"elementor-icon-list-text\">Anasayfa<\/span>\n\t\t\t\t\t\t\t\t\t\t\t<\/a>\n\t\t\t\t\t\t\t\t\t<\/li>\n\t\t\t\t\t\t<\/ul>\n\t\t\t\t\t\t<\/div>\n\t\t\t\t<\/div>\n\t\t\t\t\t<\/div>\n\t\t<\/div>\n\t\t\t\t\t<\/div>\n\t\t<\/section>\n\t\t\t\t<section class=\"elementor-section elementor-top-section elementor-element elementor-element-142f992b elementor-section-boxed elementor-section-height-default elementor-section-height-default\" data-id=\"142f992b\" data-element_type=\"section\">\n\t\t\t\t\t\t<div class=\"elementor-container elementor-column-gap-default\">\n\t\t\t\t\t<div class=\"elementor-column elementor-col-50 elementor-top-column elementor-element elementor-element-72483817\" data-id=\"72483817\" data-element_type=\"column\">\n\t\t\t<div class=\"elementor-widget-wrap elementor-element-populated\">\n\t\t\t\t\t\t<div class=\"elementor-element elementor-element-6643be7d elementor-widget elementor-widget-heading\" data-id=\"6643be7d\" data-element_type=\"widget\" data-widget_type=\"heading.default\">\n\t\t\t\t<div class=\"elementor-widget-container\">\n\t\t\t\t\t<h2 class=\"elementor-heading-title elementor-size-default\">Neden Simisanka?<\/h2>\t\t\t\t<\/div>\n\t\t\t\t<\/div>\n\t\t\t\t<div class=\"elementor-element elementor-element-6687fac elementor-widget elementor-widget-text-editor\" data-id=\"6687fac\" data-element_type=\"widget\" data-widget_type=\"text-editor.default\">\n\t\t\t\t<div class=\"elementor-widget-container\">\n\t\t\t\t\t\t\t\t\t<p>K\u00fcresel ticaret d\u00fcnyas\u0131ndaki g\u00fcvenilir orta\u011f\u0131n\u0131z. M\u00fckemmellik, d\u00fcr\u00fcstl\u00fck ve benzersiz m\u00fc\u015fteri hizmetlerine sars\u0131lmaz bir \u015fekilde odaklanarak, uluslararas\u0131 pazarda ba\u015far\u0131ya a\u00e7\u0131lan kap\u0131n\u0131z biziz.<\/p><p>Simisanka'da ticaretin sadece al\u0131\u015fveri\u015ften daha fazlas\u0131 oldu\u011funu anl\u0131yoruz. Geli\u015fmi\u015f sekt\u00f6r uzmanl\u0131\u011f\u0131m\u0131z ve i\u015fletmeleri birbirine ba\u011flama tutkumuzla, uluslararas\u0131 ticarette ba\u015far\u0131ya ula\u015fman\u0131z\u0131 sa\u011flamaya kararl\u0131y\u0131z.<\/p><p>Yolculu\u011fumuz yenilik ile tan\u0131mlan\u0131r. Kapsaml\u0131 hizmet yelpazemiz, ithalat ve ihracat \u00e7\u00f6z\u00fcmlerinden tedarik zinciri optimizasyonuna ve pazar ara\u015ft\u0131rmas\u0131na kadar, i\u015fletmenizin k\u00fcresel alanda ba\u015far\u0131l\u0131 olmas\u0131n\u0131 sa\u011flamak i\u00e7in tasarlanm\u0131\u015ft\u0131r.<\/p><p>Bizi farkl\u0131 k\u0131lan, yaln\u0131zca geni\u015f ortak ve i\u015fbirlik\u00e7i a\u011f\u0131m\u0131z de\u011fil, ayn\u0131 zamanda kendini i\u015fine adam\u0131\u015f ticaret uzmanlar\u0131ndan olu\u015fan ekibimizdir. Zengin bir deneyime ve pazar trendlerine ili\u015fkin keskin bir anlay\u0131\u015fa sahip olan bu ekip, i\u015finizi ileriye ta\u015f\u0131yacak \u00f6zel \u00e7\u00f6z\u00fcmler sunmak i\u00e7in buradalar. Ba\u015far\u0131n\u0131z\u0131n bizim ba\u015far\u0131m\u0131z oldu\u011funa inan\u0131yoruz ve memnuniyetinizi sa\u011flamak i\u00e7in ilerlemeye kararl\u0131y\u0131z.<\/p><p>Simisanka'da de\u011ferlerimiz, yapt\u0131\u011f\u0131m\u0131z her \u015feyin temel ta\u015f\u0131d\u0131r. \u015eeffafl\u0131k, g\u00fcven ve m\u00fc\u015fteri odakl\u0131 bir yakla\u015f\u0131m, etkile\u015fimlerimizi ve kararlar\u0131m\u0131z\u0131 \u015fekillendiren yol g\u00f6sterici ilkelerdir. M\u00fc\u015fterilerimiz ve tedarik\u00e7ilerimizle kar\u015f\u0131l\u0131kl\u0131 sayg\u0131 ve ortak hedefler \u00fczerine kurulu kal\u0131c\u0131 ili\u015fkiler kurmaya kararl\u0131y\u0131z.<\/p><p>K\u00fcresel ticaret ortam\u0131nda yeni ufuklar a\u00e7mak ve f\u0131rsatlar\u0131 de\u011ferlendirmek i\u00e7in \u00e7\u0131kt\u0131\u011f\u0131m\u0131z bu yolculu\u011fa kat\u0131l\u0131n. Birlikte zorluklar\u0131n \u00fcstesinden gelece\u011fiz ve ola\u011fan\u00fcst\u00fc ba\u015far\u0131lar elde edece\u011fiz. Simisanka ile olas\u0131l\u0131klar d\u00fcnyas\u0131n\u0131 ke\u015ffedin.<\/p>\t\t\t\t\t\t\t\t<\/div>\n\t\t\t\t<\/div>\n\t\t\t\t\t<\/div>\n\t\t<\/div>\n\t\t\t\t<div class=\"elementor-column elementor-col-50 elementor-top-column elementor-element elementor-element-1f8311b4\" data-id=\"1f8311b4\" data-element_type=\"column\" data-settings=\"{&quot;background_background&quot;:&quot;classic&quot;}\">\n\t\t\t<div class=\"elementor-widget-wrap elementor-element-populated\">\n\t\t\t\t\t\t<div class=\"elementor-element elementor-element-6a477614 elementor-widget elementor-widget-image\" data-id=\"6a477614\" data-element_type=\"widget\" data-widget_type=\"image.default\">\n\t\t\t\t<div class=\"elementor-widget-container\">\n\t\t\t\t\t\t\t\t\t\t\t\t\t\t\t<img fetchpriority=\"high\" decoding=\"async\" width=\"2560\" height=\"2135\" src=\"https:\/\/www.simisanka.com\/wp-content\/uploads\/2023\/08\/aboutus-scaled.webp\" class=\"attachment-full size-full wp-image-435\" alt=\"\" srcset=\"https:\/\/www.simisanka.com\/wp-content\/uploads\/2023\/08\/aboutus-scaled.webp 2560w, https:\/\/www.simisanka.com\/wp-content\/uploads\/2023\/08\/aboutus-300x250.webp 300w, https:\/\/www.simisanka.com\/wp-content\/uploads\/2023\/08\/aboutus-1024x854.webp 1024w, https:\/\/www.simisanka.com\/wp-content\/uploads\/2023\/08\/aboutus-768x640.webp 768w, https:\/\/www.simisanka.com\/wp-content\/uploads\/2023\/08\/aboutus-1536x1281.webp 1536w, https:\/\/www.simisanka.com\/wp-content\/uploads\/2023\/08\/aboutus-2048x1708.webp 2048w, https:\/\/www.simisanka.com\/wp-content\/uploads\/2023\/08\/aboutus-14x12.webp 14w\" sizes=\"(max-width: 2560px) 100vw, 2560px\" \/>\t\t\t\t\t\t\t\t\t\t\t\t\t\t\t<\/div>\n\t\t\t\t<\/div>\n\t\t\t\t\t<\/div>\n\t\t<\/div>\n\t\t\t\t\t<\/div>\n\t\t<\/section>\n\t\t\t\t<\/div>","protected":false},"excerpt":{"rendered":"<p>About Home Why Simisanka? Your trusted partner in the world of global trade. With an unwavering focus on excellence, integrity, and unparalleled customer service, we are your gateway to success in the international marketplace. At Simisanka, we understand that trade is more than just transactions. With our deep industry expertise and a passion for connecting [&hellip;]<\/p>","protected":false},"author":1,"featured_media":0,"parent":0,"menu_order":0,"comment_status":"closed","ping_status":"closed","template":"elementor_header_footer","meta":{"footnotes":""},"class_list":["post-203","page","type-page","status-publish","hentry"],"yoast_head":"<!-- This site is optimized with the Yoast SEO plugin v26.7 - https:\/\/yoast.com\/wordpress\/plugins\/seo\/ -->\n<title>About - Simisanka Defense<\/title>\n<meta name=\"description\" content=\"Your trusted partner in the world of global trade. With an unwavering focus on excellence, integrity, and unparalleled customer service.\" \/>\n<meta name=\"robots\" content=\"index, follow, max-snippet:-1, max-image-preview:large, max-video-preview:-1\" \/>\n<link rel=\"canonical\" href=\"https:\/\/www.simisanka.com\/tr\/about\/\" \/>\n<meta property=\"og:locale\" content=\"tr_TR\" \/>\n<meta property=\"og:type\" content=\"article\" \/>\n<meta property=\"og:title\" content=\"About - Simisanka Defense\" \/>\n<meta property=\"og:description\" content=\"Your trusted partner in the world of global trade. With an unwavering focus on excellence, integrity, and unparalleled customer service.\" \/>\n<meta property=\"og:url\" content=\"https:\/\/www.simisanka.com\/tr\/about\/\" \/>\n<meta property=\"og:site_name\" content=\"Simisanka Defense\" \/>\n<meta property=\"article:publisher\" content=\"https:\/\/facebook.com\/simisanka\" \/>\n<meta property=\"article:modified_time\" content=\"2023-08-12T14:03:05+00:00\" \/>\n<meta property=\"og:image\" content=\"http:\/\/www.simisanka.com\/wp-content\/uploads\/2023\/08\/aboutus-scaled.webp\" \/>\n<meta name=\"twitter:card\" content=\"summary_large_image\" \/>\n<meta name=\"twitter:site\" content=\"@simisanka\" \/>\n<meta name=\"twitter:label1\" content=\"Tahmini okuma s\u00fcresi\" \/>\n\t<meta name=\"twitter:data1\" content=\"2 dakika\" \/>\n<script type=\"application\/ld+json\" class=\"yoast-schema-graph\">{\"@context\":\"https:\/\/schema.org\",\"@graph\":[{\"@type\":\"WebPage\",\"@id\":\"https:\/\/www.simisanka.com\/about\/\",\"url\":\"https:\/\/www.simisanka.com\/about\/\",\"name\":\"About - Simisanka Defense\",\"isPartOf\":{\"@id\":\"https:\/\/www.simisanka.com\/#website\"},\"primaryImageOfPage\":{\"@id\":\"https:\/\/www.simisanka.com\/about\/#primaryimage\"},\"image\":{\"@id\":\"https:\/\/www.simisanka.com\/about\/#primaryimage\"},\"thumbnailUrl\":\"http:\/\/www.simisanka.com\/wp-content\/uploads\/2023\/08\/aboutus-scaled.webp\",\"datePublished\":\"2021-04-18T10:18:09+00:00\",\"dateModified\":\"2023-08-12T14:03:05+00:00\",\"description\":\"Your trusted partner in the world of global trade. With an unwavering focus on excellence, integrity, and unparalleled customer service.\",\"breadcrumb\":{\"@id\":\"https:\/\/www.simisanka.com\/about\/#breadcrumb\"},\"inLanguage\":\"tr\",\"potentialAction\":[{\"@type\":\"ReadAction\",\"target\":[\"https:\/\/www.simisanka.com\/about\/\"]}]},{\"@type\":\"ImageObject\",\"inLanguage\":\"tr\",\"@id\":\"https:\/\/www.simisanka.com\/about\/#primaryimage\",\"url\":\"http:\/\/www.simisanka.com\/wp-content\/uploads\/2023\/08\/aboutus-scaled.webp\",\"contentUrl\":\"http:\/\/www.simisanka.com\/wp-content\/uploads\/2023\/08\/aboutus-scaled.webp\"},{\"@type\":\"BreadcrumbList\",\"@id\":\"https:\/\/www.simisanka.com\/about\/#breadcrumb\",\"itemListElement\":[{\"@type\":\"ListItem\",\"position\":1,\"name\":\"Home\",\"item\":\"https:\/\/www.simisanka.com\/\"},{\"@type\":\"ListItem\",\"position\":2,\"name\":\"About\"}]},{\"@type\":\"WebSite\",\"@id\":\"https:\/\/www.simisanka.com\/#website\",\"url\":\"https:\/\/www.simisanka.com\/\",\"name\":\"Simisanka Defense\",\"description\":\"Built on Trust, Delivered with Quality\",\"publisher\":{\"@id\":\"https:\/\/www.simisanka.com\/#organization\"},\"potentialAction\":[{\"@type\":\"SearchAction\",\"target\":{\"@type\":\"EntryPoint\",\"urlTemplate\":\"https:\/\/www.simisanka.com\/?s={search_term_string}\"},\"query-input\":{\"@type\":\"PropertyValueSpecification\",\"valueRequired\":true,\"valueName\":\"search_term_string\"}}],\"inLanguage\":\"tr\"},{\"@type\":\"Organization\",\"@id\":\"https:\/\/www.simisanka.com\/#organization\",\"name\":\"Simisanka Defense\",\"alternateName\":\"Simisanka\",\"url\":\"https:\/\/www.simisanka.com\/\",\"logo\":{\"@type\":\"ImageObject\",\"inLanguage\":\"tr\",\"@id\":\"https:\/\/www.simisanka.com\/#\/schema\/logo\/image\/\",\"url\":\"https:\/\/www.simisanka.com\/wp-content\/uploads\/2023\/08\/simisanka-text-red.png\",\"contentUrl\":\"https:\/\/www.simisanka.com\/wp-content\/uploads\/2023\/08\/simisanka-text-red.png\",\"width\":11971,\"height\":1815,\"caption\":\"Simisanka Defense\"},\"image\":{\"@id\":\"https:\/\/www.simisanka.com\/#\/schema\/logo\/image\/\"},\"sameAs\":[\"https:\/\/facebook.com\/simisanka\",\"https:\/\/x.com\/simisanka\",\"https:\/\/instagram.com\/simisanka\"]}]}<\/script>\n<!-- \/ Yoast SEO plugin. -->","yoast_head_json":{"title":"About - Simisanka Defense","description":"Your trusted partner in the world of global trade. With an unwavering focus on excellence, integrity, and unparalleled customer service.","robots":{"index":"index","follow":"follow","max-snippet":"max-snippet:-1","max-image-preview":"max-image-preview:large","max-video-preview":"max-video-preview:-1"},"canonical":"https:\/\/www.simisanka.com\/tr\/about\/","og_locale":"tr_TR","og_type":"article","og_title":"About - Simisanka Defense","og_description":"Your trusted partner in the world of global trade. With an unwavering focus on excellence, integrity, and unparalleled customer service.","og_url":"https:\/\/www.simisanka.com\/tr\/about\/","og_site_name":"Simisanka Defense","article_publisher":"https:\/\/facebook.com\/simisanka","article_modified_time":"2023-08-12T14:03:05+00:00","og_image":[{"url":"http:\/\/www.simisanka.com\/wp-content\/uploads\/2023\/08\/aboutus-scaled.webp","type":"","width":"","height":""}],"twitter_card":"summary_large_image","twitter_site":"@simisanka","twitter_misc":{"Tahmini okuma s\u00fcresi":"2 dakika"},"schema":{"@context":"https:\/\/schema.org","@graph":[{"@type":"WebPage","@id":"https:\/\/www.simisanka.com\/about\/","url":"https:\/\/www.simisanka.com\/about\/","name":"About - Simisanka Defense","isPartOf":{"@id":"https:\/\/www.simisanka.com\/#website"},"primaryImageOfPage":{"@id":"https:\/\/www.simisanka.com\/about\/#primaryimage"},"image":{"@id":"https:\/\/www.simisanka.com\/about\/#primaryimage"},"thumbnailUrl":"http:\/\/www.simisanka.com\/wp-content\/uploads\/2023\/08\/aboutus-scaled.webp","datePublished":"2021-04-18T10:18:09+00:00","dateModified":"2023-08-12T14:03:05+00:00","description":"Your trusted partner in the world of global trade. With an unwavering focus on excellence, integrity, and unparalleled customer service.","breadcrumb":{"@id":"https:\/\/www.simisanka.com\/about\/#breadcrumb"},"inLanguage":"tr","potentialAction":[{"@type":"ReadAction","target":["https:\/\/www.simisanka.com\/about\/"]}]},{"@type":"ImageObject","inLanguage":"tr","@id":"https:\/\/www.simisanka.com\/about\/#primaryimage","url":"http:\/\/www.simisanka.com\/wp-content\/uploads\/2023\/08\/aboutus-scaled.webp","contentUrl":"http:\/\/www.simisanka.com\/wp-content\/uploads\/2023\/08\/aboutus-scaled.webp"},{"@type":"BreadcrumbList","@id":"https:\/\/www.simisanka.com\/about\/#breadcrumb","itemListElement":[{"@type":"ListItem","position":1,"name":"Home","item":"https:\/\/www.simisanka.com\/"},{"@type":"ListItem","position":2,"name":"About"}]},{"@type":"WebSite","@id":"https:\/\/www.simisanka.com\/#website","url":"https:\/\/www.simisanka.com\/","name":"Simisanka Defense","description":"Built on Trust, Delivered with Quality","publisher":{"@id":"https:\/\/www.simisanka.com\/#organization"},"potentialAction":[{"@type":"SearchAction","target":{"@type":"EntryPoint","urlTemplate":"https:\/\/www.simisanka.com\/?s={search_term_string}"},"query-input":{"@type":"PropertyValueSpecification","valueRequired":true,"valueName":"search_term_string"}}],"inLanguage":"tr"},{"@type":"Organization","@id":"https:\/\/www.simisanka.com\/#organization","name":"Simisanka Defense","alternateName":"Simisanka","url":"https:\/\/www.simisanka.com\/","logo":{"@type":"ImageObject","inLanguage":"tr","@id":"https:\/\/www.simisanka.com\/#\/schema\/logo\/image\/","url":"https:\/\/www.simisanka.com\/wp-content\/uploads\/2023\/08\/simisanka-text-red.png","contentUrl":"https:\/\/www.simisanka.com\/wp-content\/uploads\/2023\/08\/simisanka-text-red.png","width":11971,"height":1815,"caption":"Simisanka Defense"},"image":{"@id":"https:\/\/www.simisanka.com\/#\/schema\/logo\/image\/"},"sameAs":["https:\/\/facebook.com\/simisanka","https:\/\/x.com\/simisanka","https:\/\/instagram.com\/simisanka"]}]}},"_links":{"self":[{"href":"https:\/\/www.simisanka.com\/tr\/wp-json\/wp\/v2\/pages\/203","targetHints":{"allow":["GET"]}}],"collection":[{"href":"https:\/\/www.simisanka.com\/tr\/wp-json\/wp\/v2\/pages"}],"about":[{"href":"https:\/\/www.simisanka.com\/tr\/wp-json\/wp\/v2\/types\/page"}],"author":[{"embeddable":true,"href":"https:\/\/www.simisanka.com\/tr\/wp-json\/wp\/v2\/users\/1"}],"replies":[{"embeddable":true,"href":"https:\/\/www.simisanka.com\/tr\/wp-json\/wp\/v2\/comments?post=203"}],"version-history":[{"count":23,"href":"https:\/\/www.simisanka.com\/tr\/wp-json\/wp\/v2\/pages\/203\/revisions"}],"predecessor-version":[{"id":508,"href":"https:\/\/www.simisanka.com\/tr\/wp-json\/wp\/v2\/pages\/203\/revisions\/508"}],"wp:attachment":[{"href":"https:\/\/www.simisanka.com\/tr\/wp-json\/wp\/v2\/media?parent=203"}],"curies":[{"name":"wp","href":"https:\/\/api.w.org\/{rel}","templated":true}]}}